{"id":9198,"date":"2022-07-13T15:57:08","date_gmt":"2022-07-13T13:57:08","guid":{"rendered":"https:\/\/sosdata.nl\/?page_id=9198"},"modified":"2024-02-13T14:03:37","modified_gmt":"2024-02-13T12:03:37","slug":"over-mij","status":"publish","type":"page","link":"https:\/\/sosdata.nl\/index.php\/over-mij\/","title":{"rendered":"Over mij"},"content":{"rendered":"<h1 style=\"text-align: center;\"><span style=\"font-weight: normal;\">Ik ben <strong>&#8230;<\/strong><\/span><span style=\"font-weight: normal;\">!<\/span><\/h1>\n<p><strong>Naam:<\/strong> Yits Pa\u00ebrl<strong>Relatie:<\/strong>&nbsp; Ja, getrouwd met zangeres, Stem Mentor en ex-danser Saskia Leonore Caroline Pa\u00ebrl-Marz<strong>Kennen we als:<\/strong> Directeur van Pa\u00ebrl Electronics.<strong>Houdt van:<\/strong> Mensen ontmoeten<strong>Hekel aan:<\/strong> Energie verspillen.<strong>Ontspant door:<\/strong> Dansen, darten, tuinieren en dieren.<a href=\"https:\/\/sosdata.nl\/wp-content\/uploads\/2022\/07\/yits-curiculum-2004-002-1.pdf\" target=\"_blank\" style=\"outline: none;\" rel=\"noopener\">Lees meer&#8230; &nbsp; <\/a> (curriculum vitae PDF)<\/p>\n<p id=\"t-1647026704901\" style=\"text-align: left;\"><strong>Wat verwacht je van mijn bedrijf Paerl Electronics?<\/strong><\/p>\n<h1 id=\"t-1646919193050\" style=\"\">Met mij beschik je over 40 jaar ervaring in ICT.Want waarom zouden advocaten geen automatiseerder nodig hebben?<\/h1>\n<p style=\"text-align: left;\">Je kent mij van&#8230;<\/p>\n<ul>\n<li style=\"text-align: left;\">Makrodata<\/li>\n<li style=\"text-align: left;\">De Universiteit van Amsterdam<\/li>\n<li style=\"text-align: left;\">Pantheon<\/li>\n<\/ul>\n<h1 style=\"text-align: center;\"><strong>Bij Paerl Electronics gaat het over jouw eerste post of E-mail tot aan de automatisering<\/strong><strong><\/strong><strong><\/strong><strong><\/strong><\/h1>\n<p id=\"t-1646919193061\" style=\"\">Presenteer jezelf en je werk in de media<\/p>\n<p>Presenteer ONLINE voor iedere camera.<\/p>\n<p style=\"text-align: center;\">Mijn back-story&#8230; Hoe ik ben gekomen waar ik nu sta&#8230;<\/p>\n<h3 id=\"t-1707825501155\"><span>Ik ben &nbsp;Yits Pa\u00ebrl<\/span><\/h3>\n<h3 id=\"t-1657741161233\">Samen werken<\/h3>\n<p>Wij gaan online in Volmerstraat 1A.Daar ontvang ik cli\u00ebnten LIVE en werk ONLINE met ze.Wij, dat zijn ambitieuze ondernemers.<\/p>\n<p><span><img decoding=\"async\" alt=\"\" data-id=\"9259\" width=\"343\" data-init-width=\"2560\" height=\"257\" data-init-height=\"1920\" title=\"OLYMPUS DIGITAL CAMERA\" src=\"https:\/\/sosdata.nl\/wp-content\/uploads\/2022\/07\/070708HortusGraciaKip-254-scaled.jpg\" data-width=\"343\" data-height=\"257\" style=\"aspect-ratio: auto 2560 \/ 1920;\" loading=\"lazy\"><\/span><\/p>\n<h2 id=\"t-1657735674589\">Hoe is dat allemaal gekomen?<\/h2>\n<p>Ik ben geboren in het chique Amsterdam-Zuid. In de van Breestraat en opgegroeid in het creatieve \u00e9n het technische vak.En ben de zoon van een illustratrice en schrijfster Hetty Pa\u00ebrl-van Driel enDr Ing. docent wiskunde aan de Universiteit van Amsterdam Eric Pa\u00ebrl.<\/p>\n<h2 id=\"t-1707825501160\">Techniek is het leukste wat er is.<\/h2>\n<p>Als ik een bootje kreeg, moest het varen.Kreeg ik een penseel, dan wilde ik schilderen.Had ik een wekker, dan moest deze uit elkaar om te ontdekken hoe het mechaniek werkt(e). Pas veel later leerde ik dat onderdelen netjes naast elkaar in een volgorde neergelegd werden en daarna in omgekeerde volgorde teruggeplaatst zodat de wekker wekt.<\/p>\n<p><span><img decoding=\"async\" alt=\"\" data-id=\"9251\" width=\"187\" data-init-width=\"509\" height=\"270\" data-init-height=\"735\" title=\"220713 y k 1\" src=\"https:\/\/sosdata.nl\/wp-content\/uploads\/2022\/07\/220713-y-k-1.png\" data-width=\"187\" data-height=\"270\" style=\"aspect-ratio: auto 509 \/ 735;\" loading=\"lazy\"><\/span><span><img decoding=\"async\" alt=\"\" data-id=\"9253\" width=\"191\" data-init-width=\"383\" height=\"273\" data-init-height=\"548\" title=\"220713 y k 3\" src=\"https:\/\/sosdata.nl\/wp-content\/uploads\/2022\/07\/220713-y-k-3.png\" data-width=\"191\" data-height=\"273\" style=\"aspect-ratio: auto 383 \/ 548;\" loading=\"lazy\"><\/span><span><img decoding=\"async\" alt=\"\" data-id=\"9255\" width=\"203\" data-init-width=\"686\" height=\"228\" data-init-height=\"771\" title=\"220713 y k 5\" src=\"https:\/\/sosdata.nl\/wp-content\/uploads\/2022\/07\/220713-y-k-5.png\" data-width=\"203\" data-height=\"228\" style=\"aspect-ratio: auto 686 \/ 771;\" loading=\"lazy\"><\/span><span><img decoding=\"async\" alt=\"\" data-id=\"9252\" width=\"191\" data-init-width=\"527\" height=\"272\" data-init-height=\"751\" title=\"220713 y k 2\" src=\"https:\/\/sosdata.nl\/wp-content\/uploads\/2022\/07\/220713-y-k-2.png\" data-width=\"191\" data-height=\"272\" style=\"aspect-ratio: auto 527 \/ 751;\" loading=\"lazy\"><\/span><span><img decoding=\"async\" alt=\"\" data-id=\"9254\" width=\"190\" data-init-width=\"385\" height=\"270\" data-init-height=\"548\" title=\"220713 y k 4\" src=\"https:\/\/sosdata.nl\/wp-content\/uploads\/2022\/07\/220713-y-k-4.png\" data-width=\"190\" data-height=\"270\" style=\"aspect-ratio: auto 385 \/ 548;\" loading=\"lazy\"><\/span><span><img decoding=\"async\" alt=\"\" data-id=\"9256\" width=\"180\" data-init-width=\"540\" height=\"256\" data-init-height=\"768\" title=\"220713 y k 6\" src=\"https:\/\/sosdata.nl\/wp-content\/uploads\/2022\/07\/220713-y-k-6.png\" data-width=\"180\" data-height=\"256\" style=\"aspect-ratio: auto 540 \/ 768;\" loading=\"lazy\"><\/span><\/p>\n<h2 id=\"t-1657741161240\">Niet de gemiddelde student.<\/h2>\n<p>In de zeventiger jaren was ik een puber en altijd nieuwsgierig naar andere mogelijkheden in een tijd van welvaart en vrijheid. In Natuurkunde, wiskunde en scheikunde behoorde ik tot de 3 beste van de klas op het Spinoza Lyceum.Mijn research maak ik met behulp van de soft- en hardware. Maar ik heb ook in loondienst gewerkt. Maar daar was geen plaats om onderzoek te doen.<\/p>\n<p><span><img decoding=\"async\" alt=\"\" data-id=\"9257\" width=\"483\" data-init-width=\"970\" height=\"319\" data-init-height=\"641\" title=\"220713 y k 7\" src=\"https:\/\/sosdata.nl\/wp-content\/uploads\/2022\/07\/220713-y-k-7.png\" data-width=\"483\" data-height=\"319\" loading=\"lazy\" style=\"aspect-ratio: auto 970 \/ 641;\"><\/span><\/p>\n<h2 id=\"t-1657741161234\">Wat een ellende. Na al dat harde werken ging ik nog dieper de put in<\/h2>\n<p><em>In 1989 ging ik studeren aan de Universiteit van Amsterdam. Informatica met specialisatie kunstmatige intelligentie.<\/em><em>Na mijn studie besloot ik als hard en software engineer aan het werk te gaan. Al snel merkte ik, dat dat eenzame programmeer werk achter de computer mijn ding niet was. Mensen om mij heen dat miste ik!Om die reden koos ik er in 1992 voor om via mijn eigen bedrijf andere bedrijven te helpen met hun automatisering. Dankzij de mond op mond reclame kreeg ik al snel meer klanten.En zo geschiedde; eerst in loondienst, later als zelfstandig ondernemer. Daar zag ik&nbsp;<\/em>1 kans: werken met mijn oude schoolvriend&#8230; &#8230;tot ik een burn-out kreeg. Ik besloot ik te stoppen met roken. &nbsp;Met een gezond lichaam ben ik mijn volgende carri\u00e8re ingegaan. Ik ken geen angst om mijn klanten te verliezen. Absoluut niet. Maar in 2022 is er meer nodig om een bedrijf gezond te houden: Het volgen van de kennis van veranderingen in de ICT. &nbsp;Ik volg de CT en de informatie van leveranciers.<\/p>\n<h2 id=\"t-1657741161235\"><strong>Wie is dat dan, die Yits Pa\u00ebrl? Jouw voorbeeld! Hands on!&nbsp;<\/strong><\/h2>\n<p>Een rolmodel, expert, delegator en facilitatorDit is waar ik nu sta. Ik ben het levende bewijs van alertheid, inventiviteit en techniek. Ik ben mijn belofte aan jou. Het ontwerpen van hard- en software ben ik overigens niet vergeten. Dat is mijn hobby geworden. Met name binnen de automotive wereld heb ik wat leuke projectjes gerealiseerd.<em>Nu werk ik via internet.Er is bijna geen advocaat in Nederland\/Belgi\u00eb die mij niet kent dankzij het internet!<\/em><\/p>\n<p><em><strong>Ik ben een creatieve icter, heb veel passies en ik heb een smoes gevonden om die ook allemaal te kunnen doen:<\/strong>Toen ik 11 jaar was (1973) maakte ik voor het eerst een radio met Philips electronica bouwpakket. De tijd leek stil te staan en ik kon me weer helemaal opladen na al die drukte op school.Nu maak ik nog steeds bouwpakketjes, alleen dan op het internet.Zo verdien ik geld op de automatische piloot via paerlelectronics.nl<\/em><em><em>November 1992 was de datum dat ik mijn bedrijf oprichtte.Nu geniet ik nog steeds van het contact met mijn eerste klanten waarmee ik een fijne band heb opgebouwd<\/em><\/em><em>Daardoor hoef ik eigenlijk niet meer te werken, maar dat werkt niet voor mij&#8230;(Ik dacht dat ik altijd op het strand wilde zitten, maar geeft helemaal geen voldoening, dus nu help ik jou&#8230;)<\/em><\/p>\n<p><span><img decoding=\"async\" alt=\"\" data-id=\"9262\" width=\"483\" data-init-width=\"1600\" height=\"362\" data-init-height=\"1200\" title=\"OLYMPUS DIGITAL CAMERA\" src=\"https:\/\/sosdata.nl\/wp-content\/uploads\/2022\/07\/100228-Yits-Last-Auto-007.jpg\" data-width=\"483\" data-height=\"362\" loading=\"lazy\" style=\"aspect-ratio: auto 1600 \/ 1200;\"><\/span><\/p>\n<p><a href=\"https:\/\/sosdata.nl\/index.php\/2022\/07\/15\/de-bevestiging-van-de-z-as-aan-het-frame-verdient-geen-schoonheidsprijs\/\" dynamic-postlink=\"tcb_post_the_permalink\" data-shortcode-id=\"9364\"><\/a><a href=\"https:\/\/sosdata.nl\/index.php\/2022\/07\/15\/de-bevestiging-van-de-z-as-aan-het-frame-verdient-geen-schoonheidsprijs\/\" style=\"\"><span>                    <\/span><span><span><\/span><\/span><\/a><\/p>\n<h2 id=\"t-1707825501156\"><span data-shortcode=\"tcb_post_title\" data-shortcode-name=\"Post title\" data-extra_key=\"\" data-attr-link=\"1\" data-attr-target=\"0\" data-attr-rel=\"0\" data-option-inline=\"1\" data-attr-static-link=\"{&quot;className&quot;:&quot;&quot;,&quot;href&quot;:&quot;https:\/\/sosdata.nl\/index.php\/2022\/07\/15\/de-bevestiging-van-de-z-as-aan-het-frame-verdient-geen-schoonheidsprijs\/&quot;,&quot;title&quot;:&quot;De bevestiging van de z-as aan het frame verdient geen schoonheidsprijs&quot;,&quot;class&quot;:&quot;&quot;}\" data-attr-css=\"\"><a href=\"https:\/\/sosdata.nl\/index.php\/2022\/07\/15\/de-bevestiging-van-de-z-as-aan-het-frame-verdient-geen-schoonheidsprijs\/\" title=\"De bevestiging van de z-as aan het frame verdient geen schoonheidsprijs\" data-css=\"\">De bevestiging van de z-as aan het frame verdient geen schoonheidsprijs<\/a><\/span><\/h2>\n<p><span><a href=\"https:\/\/sosdata.nl\/index.php\/author\/g8egigyqvk\" dynamic-postlink=\"tcb_post_author_link\" data-shortcode-id=\"9364\"><img width=\"44\" alt=\"Author Image\" style=\"aspect-ratio: auto 44 \/ 44;\" height=\"44\" data-width=\"44\" data-height=\"44\" data-init-width=\"44\" data-init-height=\"44\" loading=\"lazy\" data-shortcode-src=\"https:\/\/secure.gravatar.com\/avatar\/985ced6aaae7d75b595117aa2b3dc806?s=256&amp;d=mm&amp;r=g&amp;dynamic_author=1\"><\/a><\/span><\/p>\n<p style=\"text-align: center;\"><span data-shortcode=\"tcb_post_author_name\" data-shortcode-name=\"Author name\" data-extra_key=\"\" data-attr-link=\"0\" data-attr-target=\"0\" data-attr-rel=\"0\" data-option-inline=\"1\">Yits Pa\u00ebrl<\/span><\/p>\n<p>Die Prusa Mini die ik nagebouwd heb is een goede printer naar <a href=\"https:\/\/sosdata.nl\/index.php\/2022\/07\/15\/de-bevestiging-van-de-z-as-aan-het-frame-verdient-geen-schoonheidsprijs\/#more-9364\"><\/a><\/p>\n<p><a href=\"https:\/\/sosdata.nl\/index.php\/2022\/07\/15\/omdat-ik-groot-onderhoud-aan-mijn-3d-printer-wil-doen-moet-ik-een-extra-printer-hebben\/\" dynamic-postlink=\"tcb_post_the_permalink\" data-shortcode-id=\"9364\"><\/a><a href=\"https:\/\/sosdata.nl\/index.php\/2022\/07\/15\/omdat-ik-groot-onderhoud-aan-mijn-3d-printer-wil-doen-moet-ik-een-extra-printer-hebben\/\" style=\"\"><span>                    <\/span><span><span><\/span><\/span><\/a><\/p>\n<h2 id=\"t-1707825501156\"><span data-shortcode=\"tcb_post_title\" data-shortcode-name=\"Post title\" data-extra_key=\"\" data-attr-link=\"1\" data-attr-target=\"0\" data-attr-rel=\"0\" data-option-inline=\"1\" data-attr-static-link=\"{&quot;className&quot;:&quot;&quot;,&quot;href&quot;:&quot;https:\/\/sosdata.nl\/index.php\/2022\/07\/15\/de-bevestiging-van-de-z-as-aan-het-frame-verdient-geen-schoonheidsprijs\/&quot;,&quot;title&quot;:&quot;De bevestiging van de z-as aan het frame verdient geen schoonheidsprijs&quot;,&quot;class&quot;:&quot;&quot;}\" data-attr-css=\"\"><a href=\"https:\/\/sosdata.nl\/index.php\/2022\/07\/15\/omdat-ik-groot-onderhoud-aan-mijn-3d-printer-wil-doen-moet-ik-een-extra-printer-hebben\/\" title=\"Omdat ik groot onderhoud aan mijn 3d printer wil doen moet ik een extra printer hebben.\" data-css=\"\">Omdat ik groot onderhoud aan mijn 3d printer wil doen moet ik een extra printer hebben.<\/a><\/span><\/h2>\n<p><span><a href=\"https:\/\/sosdata.nl\/index.php\/author\/g8egigyqvk\" dynamic-postlink=\"tcb_post_author_link\" data-shortcode-id=\"9364\"><img width=\"44\" alt=\"Author Image\" style=\"aspect-ratio: auto 44 \/ 44;\" height=\"44\" data-width=\"44\" data-height=\"44\" data-init-width=\"44\" data-init-height=\"44\" loading=\"lazy\" data-shortcode-src=\"https:\/\/secure.gravatar.com\/avatar\/985ced6aaae7d75b595117aa2b3dc806?s=256&amp;d=mm&amp;r=g&amp;dynamic_author=1\"><\/a><\/span><\/p>\n<p style=\"text-align: center;\"><span data-shortcode=\"tcb_post_author_name\" data-shortcode-name=\"Author name\" data-extra_key=\"\" data-attr-link=\"0\" data-attr-target=\"0\" data-attr-rel=\"0\" data-option-inline=\"1\">Yits Pa\u00ebrl<\/span><\/p>\n<p>Omdat ik groot onderhoud aan mijn 3d printer wil doen moet ik <a href=\"https:\/\/sosdata.nl\/index.php\/2022\/07\/15\/omdat-ik-groot-onderhoud-aan-mijn-3d-printer-wil-doen-moet-ik-een-extra-printer-hebben\/#more-9352\"><\/a><\/p>\n<p><a href=\"https:\/\/sosdata.nl\/index.php\/2022\/07\/15\/onrust-op-een-kruispunt-in-amsterdam-als-de-volvo-850-er-mee-ophoudt\/\" dynamic-postlink=\"tcb_post_the_permalink\" data-shortcode-id=\"9364\"><\/a><a href=\"https:\/\/sosdata.nl\/index.php\/2022\/07\/15\/onrust-op-een-kruispunt-in-amsterdam-als-de-volvo-850-er-mee-ophoudt\/\" style=\"\"><span>                    <\/span><span><span><\/span><\/span><\/a><\/p>\n<h2 id=\"t-1707825501156\"><span data-shortcode=\"tcb_post_title\" data-shortcode-name=\"Post title\" data-extra_key=\"\" data-attr-link=\"1\" data-attr-target=\"0\" data-attr-rel=\"0\" data-option-inline=\"1\" data-attr-static-link=\"{&quot;className&quot;:&quot;&quot;,&quot;href&quot;:&quot;https:\/\/sosdata.nl\/index.php\/2022\/07\/15\/de-bevestiging-van-de-z-as-aan-het-frame-verdient-geen-schoonheidsprijs\/&quot;,&quot;title&quot;:&quot;De bevestiging van de z-as aan het frame verdient geen schoonheidsprijs&quot;,&quot;class&quot;:&quot;&quot;}\" data-attr-css=\"\"><a href=\"https:\/\/sosdata.nl\/index.php\/2022\/07\/15\/onrust-op-een-kruispunt-in-amsterdam-als-de-volvo-850-er-mee-ophoudt\/\" title=\"Onrust op een kruispunt in Amsterdam als de Volvo 850 er mee ophoudt\" data-css=\"\">Onrust op een kruispunt in Amsterdam als de Volvo 850 er mee ophoudt<\/a><\/span><\/h2>\n<p><span><a href=\"https:\/\/sosdata.nl\/index.php\/author\/g8egigyqvk\" dynamic-postlink=\"tcb_post_author_link\" data-shortcode-id=\"9364\"><img width=\"44\" alt=\"Author Image\" style=\"aspect-ratio: auto 44 \/ 44;\" height=\"44\" data-width=\"44\" data-height=\"44\" data-init-width=\"44\" data-init-height=\"44\" loading=\"lazy\" data-shortcode-src=\"https:\/\/secure.gravatar.com\/avatar\/985ced6aaae7d75b595117aa2b3dc806?s=256&amp;d=mm&amp;r=g&amp;dynamic_author=1\"><\/a><\/span><\/p>\n<p style=\"text-align: center;\"><span data-shortcode=\"tcb_post_author_name\" data-shortcode-name=\"Author name\" data-extra_key=\"\" data-attr-link=\"0\" data-attr-target=\"0\" data-attr-rel=\"0\" data-option-inline=\"1\">Yits Pa\u00ebrl<\/span><\/p>\n<p>Vorige week zorgde ik met Fred, de zilveren met de OMVL verdamper <a href=\"https:\/\/sosdata.nl\/index.php\/2022\/07\/15\/onrust-op-een-kruispunt-in-amsterdam-als-de-volvo-850-er-mee-ophoudt\/#more-9346\"><\/a><\/p>\n<p><a href=\"https:\/\/sosdata.nl\/index.php\/2022\/07\/15\/het-was-weer-een-mooie-dag-om-te-sleutelen\/\" dynamic-postlink=\"tcb_post_the_permalink\" data-shortcode-id=\"9364\"><\/a><a href=\"https:\/\/sosdata.nl\/index.php\/2022\/07\/15\/het-was-weer-een-mooie-dag-om-te-sleutelen\/\" style=\"\"><span>                    <\/span><span><span><\/span><\/span><\/a><\/p>\n<h2 id=\"t-1707825501156\"><span data-shortcode=\"tcb_post_title\" data-shortcode-name=\"Post title\" data-extra_key=\"\" data-attr-link=\"1\" data-attr-target=\"0\" data-attr-rel=\"0\" data-option-inline=\"1\" data-attr-static-link=\"{&quot;className&quot;:&quot;&quot;,&quot;href&quot;:&quot;https:\/\/sosdata.nl\/index.php\/2022\/07\/15\/de-bevestiging-van-de-z-as-aan-het-frame-verdient-geen-schoonheidsprijs\/&quot;,&quot;title&quot;:&quot;De bevestiging van de z-as aan het frame verdient geen schoonheidsprijs&quot;,&quot;class&quot;:&quot;&quot;}\" data-attr-css=\"\"><a href=\"https:\/\/sosdata.nl\/index.php\/2022\/07\/15\/het-was-weer-een-mooie-dag-om-te-sleutelen\/\" title=\"Het was weer een mooie dag om te sleutelen\" data-css=\"\">Het was weer een mooie dag om te sleutelen<\/a><\/span><\/h2>\n<p><span><a href=\"https:\/\/sosdata.nl\/index.php\/author\/g8egigyqvk\" dynamic-postlink=\"tcb_post_author_link\" data-shortcode-id=\"9364\"><img width=\"44\" alt=\"Author Image\" style=\"aspect-ratio: auto 44 \/ 44;\" height=\"44\" data-width=\"44\" data-height=\"44\" data-init-width=\"44\" data-init-height=\"44\" loading=\"lazy\" data-shortcode-src=\"https:\/\/secure.gravatar.com\/avatar\/985ced6aaae7d75b595117aa2b3dc806?s=256&amp;d=mm&amp;r=g&amp;dynamic_author=1\"><\/a><\/span><\/p>\n<p style=\"text-align: center;\"><span data-shortcode=\"tcb_post_author_name\" data-shortcode-name=\"Author name\" data-extra_key=\"\" data-attr-link=\"0\" data-attr-target=\"0\" data-attr-rel=\"0\" data-option-inline=\"1\">Yits Pa\u00ebrl<\/span><\/p>\n<p>OF HET NU EEN COMPUTER EEN NETWERK OF EEN VOLVO IS, IK <a href=\"https:\/\/sosdata.nl\/index.php\/2022\/07\/15\/het-was-weer-een-mooie-dag-om-te-sleutelen\/#more-9318\"><\/a><\/p>\n<p><a href=\"https:\/\/sosdata.nl\/index.php\/2022\/07\/12\/reparatie-database-volvo-850-en-70-clasic\/\" dynamic-postlink=\"tcb_post_the_permalink\" data-shortcode-id=\"9364\"><\/a><a href=\"https:\/\/sosdata.nl\/index.php\/2022\/07\/12\/reparatie-database-volvo-850-en-70-clasic\/\" style=\"\"><span>                    <\/span><span><span><\/span><\/span><\/a><\/p>\n<h2 id=\"t-1707825501156\"><span data-shortcode=\"tcb_post_title\" data-shortcode-name=\"Post title\" data-extra_key=\"\" data-attr-link=\"1\" data-attr-target=\"0\" data-attr-rel=\"0\" data-option-inline=\"1\" data-attr-static-link=\"{&quot;className&quot;:&quot;&quot;,&quot;href&quot;:&quot;https:\/\/sosdata.nl\/index.php\/2022\/07\/15\/de-bevestiging-van-de-z-as-aan-het-frame-verdient-geen-schoonheidsprijs\/&quot;,&quot;title&quot;:&quot;De bevestiging van de z-as aan het frame verdient geen schoonheidsprijs&quot;,&quot;class&quot;:&quot;&quot;}\" data-attr-css=\"\"><a href=\"https:\/\/sosdata.nl\/index.php\/2022\/07\/12\/reparatie-database-volvo-850-en-70-clasic\/\" title=\"TT 292dkm, distributie, rollen, spanner en waterpomp vervangen\" data-css=\"\">TT 292dkm, distributie, rollen, spanner en waterpomp vervangen<\/a><\/span><\/h2>\n<p><span><a href=\"https:\/\/sosdata.nl\/index.php\/author\/g8egigyqvk\" dynamic-postlink=\"tcb_post_author_link\" data-shortcode-id=\"9364\"><img width=\"44\" alt=\"Author Image\" style=\"aspect-ratio: auto 44 \/ 44;\" height=\"44\" data-width=\"44\" data-height=\"44\" data-init-width=\"44\" data-init-height=\"44\" loading=\"lazy\" data-shortcode-src=\"https:\/\/secure.gravatar.com\/avatar\/985ced6aaae7d75b595117aa2b3dc806?s=256&amp;d=mm&amp;r=g&amp;dynamic_author=1\"><\/a><\/span><\/p>\n<p style=\"text-align: center;\"><span data-shortcode=\"tcb_post_author_name\" data-shortcode-name=\"Author name\" data-extra_key=\"\" data-attr-link=\"0\" data-attr-target=\"0\" data-attr-rel=\"0\" data-option-inline=\"1\">Yits Pa\u00ebrl<\/span><\/p>\n<p>Ondanks het missen van de meeting vandaag toch een heerlijke dag gehad.Omdat <a href=\"https:\/\/sosdata.nl\/index.php\/2022\/07\/12\/reparatie-database-volvo-850-en-70-clasic\/#more-9155\"><\/a><\/p>\n<h2 id=\"t-1646919193060\">Ga nu aan de slag met jouw automatisering<\/h2>\n<p>Laat me jouw begeleiden naar zichtbaar en hoorbaar blijven<\/p>\n<p><span><span>Insert Image<\/span><\/span><\/p>\n","protected":false},"excerpt":{"rendered":"<p>Ik ben &#8230;! Naam: Yits Pa\u00ebrlRelatie:&nbsp; Ja, getrouwd met zangeres, Stem Mentor en ex-danser Saskia Leonore Caroline Pa\u00ebrl-MarzKennen we als: Directeur van Pa\u00ebrl Electronics.Houdt van: Mensen ontmoetenHekel aan: Energie verspillen.Ontspant door: Dansen, darten, tuinieren en dieren.Lees meer&#8230; &nbsp; (curriculum vitae PDF) Wat verwacht je van mijn bedrijf Paerl Electronics? Met mij beschik je over 40 [&hellip;]<\/p>\n","protected":false},"author":1,"featured_media":0,"parent":0,"menu_order":0,"comment_status":"closed","ping_status":"closed","template":"","meta":{"footnotes":""},"class_list":["post-9198","page","type-page","status-publish","hentry","post-wrapper","thrv_wrapper"],"_links":{"self":[{"href":"https:\/\/sosdata.nl\/index.php\/wp-json\/wp\/v2\/pages\/9198","targetHints":{"allow":["GET"]}}],"collection":[{"href":"https:\/\/sosdata.nl\/index.php\/wp-json\/wp\/v2\/pages"}],"about":[{"href":"https:\/\/sosdata.nl\/index.php\/wp-json\/wp\/v2\/types\/page"}],"author":[{"embeddable":true,"href":"https:\/\/sosdata.nl\/index.php\/wp-json\/wp\/v2\/users\/1"}],"replies":[{"embeddable":true,"href":"https:\/\/sosdata.nl\/index.php\/wp-json\/wp\/v2\/comments?post=9198"}],"version-history":[{"count":67,"href":"https:\/\/sosdata.nl\/index.php\/wp-json\/wp\/v2\/pages\/9198\/revisions"}],"predecessor-version":[{"id":9673,"href":"https:\/\/sosdata.nl\/index.php\/wp-json\/wp\/v2\/pages\/9198\/revisions\/9673"}],"wp:attachment":[{"href":"https:\/\/sosdata.nl\/index.php\/wp-json\/wp\/v2\/media?parent=9198"}],"curies":[{"name":"wp","href":"https:\/\/api.w.org\/{rel}","templated":true}]}}